{"id":858,"date":"2025-07-17T09:23:11","date_gmt":"2025-07-17T06:23:11","guid":{"rendered":"https:\/\/tspride.com\/?page_id=858"},"modified":"2025-07-17T09:23:46","modified_gmt":"2025-07-17T06:23:46","slug":"ueber-uns","status":"publish","type":"page","link":"https:\/\/tspride.com\/de\/page\/ueber-uns\/","title":{"rendered":"\u00dcber uns"},"content":{"rendered":"<p>Wir sind keine Escort-Agentur.<br data-start=\"68\" data-end=\"71\" \/>Wir bieten keine anderen Dienstleistungen an, au\u00dfer der Schaltung von Anzeigen auf Ihrer Website.<br data-start=\"168\" data-end=\"171\" \/>Wir verlangen keine Geb\u00fchren von Kunden.<br data-start=\"211\" data-end=\"214\" \/>Wir erhalten keine Provisionen von Ihnen.<br data-start=\"255\" data-end=\"258\" \/>Wir helfen Ihnen in keiner Weise bei der Verwaltung Ihrer Kunden.<br data-start=\"323\" data-end=\"326\" \/>Wir helfen Ihnen in keiner Weise bei der Suche nach Kunden.<\/p>\n","protected":false},"excerpt":{"rendered":"<p>Wir sind keine Escort-Agentur.Wir bieten keine anderen Dienstleistungen an, au\u00dfer der Schaltung von Anzeigen auf Ihrer Website.Wir verlangen keine Geb\u00fchren von Kunden.Wir erhalten keine Provisionen von Ihnen.Wir helfen Ihnen in keiner Weise bei der Verwaltung Ihrer Kunden.Wir helfen Ihnen in keiner Weise bei der Suche nach Kunden.<\/p>\n","protected":false},"author":1,"featured_media":0,"parent":0,"menu_order":0,"comment_status":"closed","ping_status":"closed","template":"","meta":{"_acf_changed":false,"footnotes":""},"class_list":["post-858","page","type-page","status-publish","hentry"],"acf":[],"yoast_head":"<!-- This site is optimized with the Yoast SEO plugin v25.5 - https:\/\/yoast.com\/wordpress\/plugins\/seo\/ -->\n<title>\u00dcber uns - TSPRIDE<\/title>\n<meta name=\"robots\" content=\"index, follow, max-snippet:-1, max-image-preview:large, max-video-preview:-1\" \/>\n<link rel=\"canonical\" href=\"https:\/\/tspride.com\/de\/page\/ueber-uns\/\" \/>\n<meta property=\"og:locale\" content=\"de_DE\" \/>\n<meta property=\"og:type\" content=\"article\" \/>\n<meta property=\"og:title\" content=\"\u00dcber uns - TSPRIDE\" \/>\n<meta property=\"og:description\" content=\"Wir sind keine Escort-Agentur.Wir bieten keine anderen Dienstleistungen an, au\u00dfer der Schaltung von Anzeigen auf Ihrer Website.Wir verlangen keine Geb\u00fchren von Kunden.Wir erhalten keine Provisionen von Ihnen.Wir helfen Ihnen in keiner Weise bei der Verwaltung Ihrer Kunden.Wir helfen Ihnen in keiner Weise bei der Suche nach Kunden.\" \/>\n<meta property=\"og:url\" content=\"https:\/\/tspride.com\/de\/page\/ueber-uns\/\" \/>\n<meta property=\"og:site_name\" content=\"TSPRIDE\" \/>\n<meta property=\"article:modified_time\" content=\"2025-07-17T06:23:46+00:00\" \/>\n<meta name=\"twitter:card\" content=\"summary_large_image\" \/>\n<meta name=\"twitter:label1\" content=\"Gesch\u00e4tzte Lesezeit\" \/>\n\t<meta name=\"twitter:data1\" content=\"1\u00a0Minute\" \/>\n<script type=\"application\/ld+json\" class=\"yoast-schema-graph\">{\"@context\":\"https:\/\/schema.org\",\"@graph\":[{\"@type\":\"WebPage\",\"@id\":\"https:\/\/tspride.com\/de\/page\/ueber-uns\/\",\"url\":\"https:\/\/tspride.com\/de\/page\/ueber-uns\/\",\"name\":\"\u00dcber uns - TSPRIDE\",\"isPartOf\":{\"@id\":\"https:\/\/tspride.com\/de\/#website\"},\"datePublished\":\"2025-07-17T06:23:11+00:00\",\"dateModified\":\"2025-07-17T06:23:46+00:00\",\"breadcrumb\":{\"@id\":\"https:\/\/tspride.com\/de\/page\/ueber-uns\/#breadcrumb\"},\"inLanguage\":\"de\",\"potentialAction\":[{\"@type\":\"ReadAction\",\"target\":[\"https:\/\/tspride.com\/de\/page\/ueber-uns\/\"]}]},{\"@type\":\"BreadcrumbList\",\"@id\":\"https:\/\/tspride.com\/de\/page\/ueber-uns\/#breadcrumb\",\"itemListElement\":[{\"@type\":\"ListItem\",\"position\":1,\"name\":\"Home\",\"item\":\"https:\/\/tspride.com\/\"},{\"@type\":\"ListItem\",\"position\":2,\"name\":\"\u00dcber uns\"}]},{\"@type\":\"WebSite\",\"@id\":\"https:\/\/tspride.com\/de\/#website\",\"url\":\"https:\/\/tspride.com\/de\/\",\"name\":\"TSPRIDE\",\"description\":\"\",\"publisher\":{\"@id\":\"https:\/\/tspride.com\/de\/#organization\"},\"potentialAction\":[{\"@type\":\"SearchAction\",\"target\":{\"@type\":\"EntryPoint\",\"urlTemplate\":\"https:\/\/tspride.com\/de\/?s={search_term_string}\"},\"query-input\":{\"@type\":\"PropertyValueSpecification\",\"valueRequired\":true,\"valueName\":\"search_term_string\"}}],\"inLanguage\":\"de\"},{\"@type\":\"Organization\",\"@id\":\"https:\/\/tspride.com\/de\/#organization\",\"name\":\"TSPRIDE\",\"url\":\"https:\/\/tspride.com\/de\/\",\"logo\":{\"@type\":\"ImageObject\",\"inLanguage\":\"de\",\"@id\":\"https:\/\/tspride.com\/de\/#\/schema\/logo\/image\/\",\"url\":\"https:\/\/tspride.com\/wp-content\/uploads\/2025\/06\/TSPRIDE.svg\",\"contentUrl\":\"https:\/\/tspride.com\/wp-content\/uploads\/2025\/06\/TSPRIDE.svg\",\"width\":160,\"height\":30,\"caption\":\"TSPRIDE\"},\"image\":{\"@id\":\"https:\/\/tspride.com\/de\/#\/schema\/logo\/image\/\"}}]}<\/script>\n<!-- \/ Yoast SEO plugin. -->","yoast_head_json":{"title":"\u00dcber uns - TSPRIDE","robots":{"index":"index","follow":"follow","max-snippet":"max-snippet:-1","max-image-preview":"max-image-preview:large","max-video-preview":"max-video-preview:-1"},"canonical":"https:\/\/tspride.com\/de\/page\/ueber-uns\/","og_locale":"de_DE","og_type":"article","og_title":"\u00dcber uns - TSPRIDE","og_description":"Wir sind keine Escort-Agentur.Wir bieten keine anderen Dienstleistungen an, au\u00dfer der Schaltung von Anzeigen auf Ihrer Website.Wir verlangen keine Geb\u00fchren von Kunden.Wir erhalten keine Provisionen von Ihnen.Wir helfen Ihnen in keiner Weise bei der Verwaltung Ihrer Kunden.Wir helfen Ihnen in keiner Weise bei der Suche nach Kunden.","og_url":"https:\/\/tspride.com\/de\/page\/ueber-uns\/","og_site_name":"TSPRIDE","article_modified_time":"2025-07-17T06:23:46+00:00","twitter_card":"summary_large_image","twitter_misc":{"Gesch\u00e4tzte Lesezeit":"1\u00a0Minute"},"schema":{"@context":"https:\/\/schema.org","@graph":[{"@type":"WebPage","@id":"https:\/\/tspride.com\/de\/page\/ueber-uns\/","url":"https:\/\/tspride.com\/de\/page\/ueber-uns\/","name":"\u00dcber uns - TSPRIDE","isPartOf":{"@id":"https:\/\/tspride.com\/de\/#website"},"datePublished":"2025-07-17T06:23:11+00:00","dateModified":"2025-07-17T06:23:46+00:00","breadcrumb":{"@id":"https:\/\/tspride.com\/de\/page\/ueber-uns\/#breadcrumb"},"inLanguage":"de","potentialAction":[{"@type":"ReadAction","target":["https:\/\/tspride.com\/de\/page\/ueber-uns\/"]}]},{"@type":"BreadcrumbList","@id":"https:\/\/tspride.com\/de\/page\/ueber-uns\/#breadcrumb","itemListElement":[{"@type":"ListItem","position":1,"name":"Home","item":"https:\/\/tspride.com\/"},{"@type":"ListItem","position":2,"name":"\u00dcber uns"}]},{"@type":"WebSite","@id":"https:\/\/tspride.com\/de\/#website","url":"https:\/\/tspride.com\/de\/","name":"TSPRIDE","description":"","publisher":{"@id":"https:\/\/tspride.com\/de\/#organization"},"potentialAction":[{"@type":"SearchAction","target":{"@type":"EntryPoint","urlTemplate":"https:\/\/tspride.com\/de\/?s={search_term_string}"},"query-input":{"@type":"PropertyValueSpecification","valueRequired":true,"valueName":"search_term_string"}}],"inLanguage":"de"},{"@type":"Organization","@id":"https:\/\/tspride.com\/de\/#organization","name":"TSPRIDE","url":"https:\/\/tspride.com\/de\/","logo":{"@type":"ImageObject","inLanguage":"de","@id":"https:\/\/tspride.com\/de\/#\/schema\/logo\/image\/","url":"https:\/\/tspride.com\/wp-content\/uploads\/2025\/06\/TSPRIDE.svg","contentUrl":"https:\/\/tspride.com\/wp-content\/uploads\/2025\/06\/TSPRIDE.svg","width":160,"height":30,"caption":"TSPRIDE"},"image":{"@id":"https:\/\/tspride.com\/de\/#\/schema\/logo\/image\/"}}]}},"_links":{"self":[{"href":"https:\/\/tspride.com\/de\/wp-json\/wp\/v2\/pages\/858","targetHints":{"allow":["GET"]}}],"collection":[{"href":"https:\/\/tspride.com\/de\/wp-json\/wp\/v2\/pages"}],"about":[{"href":"https:\/\/tspride.com\/de\/wp-json\/wp\/v2\/types\/page"}],"author":[{"embeddable":true,"href":"https:\/\/tspride.com\/de\/wp-json\/wp\/v2\/users\/1"}],"replies":[{"embeddable":true,"href":"https:\/\/tspride.com\/de\/wp-json\/wp\/v2\/comments?post=858"}],"version-history":[{"count":0,"href":"https:\/\/tspride.com\/de\/wp-json\/wp\/v2\/pages\/858\/revisions"}],"wp:attachment":[{"href":"https:\/\/tspride.com\/de\/wp-json\/wp\/v2\/media?parent=858"}],"curies":[{"name":"wp","href":"https:\/\/api.w.org\/{rel}","templated":true}]}}